{"id":2406,"date":"2025-01-13T22:21:59","date_gmt":"2025-01-13T21:21:59","guid":{"rendered":"https:\/\/lechateaudenamur.kiff.agency\/?page_id=2406"},"modified":"2025-05-07T13:17:11","modified_gmt":"2025-05-07T11:17:11","slug":"make-a-reservation","status":"publish","type":"page","link":"https:\/\/lechateaudenamur.kiff.agency\/en\/make-a-reservation\/","title":{"rendered":"Make a reservation"},"content":{"rendered":"<section  class=\"content-1-1 wrapper-padding-top-small wrapper-padding-bottom-small\" >\n\n  <div class=\"wrapper\">\n\n    \n      <article class=\"content-1-1__item image col-md-6 col-sm-12 col-12 animated-fade-to-top\">\n\n\n                              <div class=\"image-three row\">\n              <div class=\"col-12 col-sm-12 col-md-12 col-lg-6\">\n                <div class=\"wrapper-image js-replace-img animated fade-to-top\">\n                  <img decoding=\"async\" src=\"https:\/\/lechateaudenamur.kiff.agency\/wp-content\/uploads\/2025\/02\/chateau-hotel-restaurant-namur.jpg\" alt=\"chateau-hotel-restaurant-namur\">\n                <\/div>\n                <div class=\"wrapper-image js-replace-img animated fade-to-top\">\n                  <img decoding=\"async\" src=\"https:\/\/lechateaudenamur.kiff.agency\/wp-content\/uploads\/2025\/01\/restaurant-chateau-namur.jpg\" alt=\"restaurant-chateau-namur\">\n                <\/div>\n              <\/div>\n              <div class=\"col-12 col-sm-12 col-md-12 col-lg-6\">\n                <div class=\"wrapper-image js-replace-img animated fade-to-top\">\n                  <img decoding=\"async\" src=\"https:\/\/lechateaudenamur.kiff.agency\/wp-content\/uploads\/2025\/01\/bar-chateau-namur.jpg\" alt=\"bar-chateau-namur\">\n                <\/div>\n              <\/div>\n            <\/div>\n                  \n      <\/article>\n\n    \n      <article class=\"content-1-1__item text col-md-6 col-sm-12 col-12 animated-fade-to-top\">\n\n\n        \n                      <header>\n                            <h2 class=\"animated fade-to-top\">A room or a table? <br>Why even choose?<\/h2>\n            <\/header>\n          \n          <div class=\"content animated fade-to-top\">\n            <p>The Ch\u00e2teau de Namur, a training hotel and restaurant run by the \u00c9cole H\u00f4teli\u00e8re Provinciale de Namur, welcomes you year-round in a peaceful and green setting that is far away from urban constraints.<\/p>\n<p>In addition to its four-star hotel and inventive classic cuisine, the site offers a bar and a seasonal terrace, several seminar rooms adapted to current needs, and magnificent spaces for all your wedding receptions, banquets, and other events.<\/p>\n          <\/div>\n\n                      <footer class=\"animated fade-to-top\">\n                              <a href=\"https:\/\/www.secure-hotel-booking.com\/Chateau-de-Namur\/2YV2\/fr-FR?hotelId=17419\" class=\"btn-theme\" target=\"_blank\">Reserve a room<\/a>\n                              <a href=\"https:\/\/chateaudenamur.reservation.barestho.com\" class=\"btn-theme\" target=\"_blank\">Reverse a table<\/a>\n                          <\/footer>\n          \n        \n      <\/article>\n\n    \n  <\/div>\n\n<\/section>\n","protected":false},"excerpt":{"rendered":"","protected":false},"author":1,"featured_media":0,"parent":0,"menu_order":0,"comment_status":"closed","ping_status":"closed","template":"","meta":{"_acf_changed":false,"footnotes":""},"class_list":["post-2406","page","type-page","status-publish","hentry"],"acf":[],"yoast_head":"<!-- This site is optimized with the Yoast SEO plugin v26.2 - https:\/\/yoast.com\/wordpress\/plugins\/seo\/ -->\n<title>Make a reservation - Le ch\u00e2teau de Namur<\/title>\n<meta name=\"robots\" content=\"noindex, follow, max-snippet:-1, max-image-preview:large, max-video-preview:-1\" \/>\n<meta property=\"og:locale\" content=\"en_US\" \/>\n<meta property=\"og:type\" content=\"article\" \/>\n<meta property=\"og:title\" content=\"Make a reservation - Le ch\u00e2teau de Namur\" \/>\n<meta property=\"og:url\" content=\"https:\/\/lechateaudenamur.kiff.agency\/en\/make-a-reservation\/\" \/>\n<meta property=\"og:site_name\" content=\"Le ch\u00e2teau de Namur\" \/>\n<meta property=\"article:modified_time\" content=\"2025-05-07T11:17:11+00:00\" \/>\n<meta name=\"twitter:card\" content=\"summary_large_image\" \/>\n<meta name=\"twitter:label1\" content=\"Est. reading time\" \/>\n\t<meta name=\"twitter:data1\" content=\"2 minutes\" \/>\n<script type=\"application\/ld+json\" class=\"yoast-schema-graph\">{\"@context\":\"https:\/\/schema.org\",\"@graph\":[{\"@type\":\"WebPage\",\"@id\":\"https:\/\/lechateaudenamur.kiff.agency\/en\/make-a-reservation\/\",\"url\":\"https:\/\/lechateaudenamur.kiff.agency\/en\/make-a-reservation\/\",\"name\":\"Make a reservation - Le ch\u00e2teau de Namur\",\"isPartOf\":{\"@id\":\"https:\/\/lechateaudenamur.kiff.agency\/en\/#website\"},\"datePublished\":\"2025-01-13T21:21:59+00:00\",\"dateModified\":\"2025-05-07T11:17:11+00:00\",\"breadcrumb\":{\"@id\":\"https:\/\/lechateaudenamur.kiff.agency\/en\/make-a-reservation\/#breadcrumb\"},\"inLanguage\":\"en-US\",\"potentialAction\":[{\"@type\":\"ReadAction\",\"target\":[\"https:\/\/lechateaudenamur.kiff.agency\/en\/make-a-reservation\/\"]}]},{\"@type\":\"BreadcrumbList\",\"@id\":\"https:\/\/lechateaudenamur.kiff.agency\/en\/make-a-reservation\/#breadcrumb\",\"itemListElement\":[{\"@type\":\"ListItem\",\"position\":1,\"name\":\"Home\",\"item\":\"https:\/\/lechateaudenamur.kiff.agency\/en\/\"},{\"@type\":\"ListItem\",\"position\":2,\"name\":\"Make a reservation\"}]},{\"@type\":\"WebSite\",\"@id\":\"https:\/\/lechateaudenamur.kiff.agency\/en\/#website\",\"url\":\"https:\/\/lechateaudenamur.kiff.agency\/en\/\",\"name\":\"Le ch\u00e2teau de Namur\",\"description\":\"H\u00f4tel &amp; Restaurant\",\"potentialAction\":[{\"@type\":\"SearchAction\",\"target\":{\"@type\":\"EntryPoint\",\"urlTemplate\":\"https:\/\/lechateaudenamur.kiff.agency\/en\/?s={search_term_string}\"},\"query-input\":{\"@type\":\"PropertyValueSpecification\",\"valueRequired\":true,\"valueName\":\"search_term_string\"}}],\"inLanguage\":\"en-US\"}]}<\/script>\n<!-- \/ Yoast SEO plugin. -->","yoast_head_json":{"title":"Make a reservation - Le ch\u00e2teau de Namur","robots":{"index":"noindex","follow":"follow","max-snippet":"max-snippet:-1","max-image-preview":"max-image-preview:large","max-video-preview":"max-video-preview:-1"},"og_locale":"en_US","og_type":"article","og_title":"Make a reservation - Le ch\u00e2teau de Namur","og_url":"https:\/\/lechateaudenamur.kiff.agency\/en\/make-a-reservation\/","og_site_name":"Le ch\u00e2teau de Namur","article_modified_time":"2025-05-07T11:17:11+00:00","twitter_card":"summary_large_image","twitter_misc":{"Est. reading time":"2 minutes"},"schema":{"@context":"https:\/\/schema.org","@graph":[{"@type":"WebPage","@id":"https:\/\/lechateaudenamur.kiff.agency\/en\/make-a-reservation\/","url":"https:\/\/lechateaudenamur.kiff.agency\/en\/make-a-reservation\/","name":"Make a reservation - Le ch\u00e2teau de Namur","isPartOf":{"@id":"https:\/\/lechateaudenamur.kiff.agency\/en\/#website"},"datePublished":"2025-01-13T21:21:59+00:00","dateModified":"2025-05-07T11:17:11+00:00","breadcrumb":{"@id":"https:\/\/lechateaudenamur.kiff.agency\/en\/make-a-reservation\/#breadcrumb"},"inLanguage":"en-US","potentialAction":[{"@type":"ReadAction","target":["https:\/\/lechateaudenamur.kiff.agency\/en\/make-a-reservation\/"]}]},{"@type":"BreadcrumbList","@id":"https:\/\/lechateaudenamur.kiff.agency\/en\/make-a-reservation\/#breadcrumb","itemListElement":[{"@type":"ListItem","position":1,"name":"Home","item":"https:\/\/lechateaudenamur.kiff.agency\/en\/"},{"@type":"ListItem","position":2,"name":"Make a reservation"}]},{"@type":"WebSite","@id":"https:\/\/lechateaudenamur.kiff.agency\/en\/#website","url":"https:\/\/lechateaudenamur.kiff.agency\/en\/","name":"Le ch\u00e2teau de Namur","description":"H\u00f4tel &amp; Restaurant","potentialAction":[{"@type":"SearchAction","target":{"@type":"EntryPoint","urlTemplate":"https:\/\/lechateaudenamur.kiff.agency\/en\/?s={search_term_string}"},"query-input":{"@type":"PropertyValueSpecification","valueRequired":true,"valueName":"search_term_string"}}],"inLanguage":"en-US"}]}},"_links":{"self":[{"href":"https:\/\/lechateaudenamur.kiff.agency\/en\/wp-json\/wp\/v2\/pages\/2406","targetHints":{"allow":["GET"]}}],"collection":[{"href":"https:\/\/lechateaudenamur.kiff.agency\/en\/wp-json\/wp\/v2\/pages"}],"about":[{"href":"https:\/\/lechateaudenamur.kiff.agency\/en\/wp-json\/wp\/v2\/types\/page"}],"author":[{"embeddable":true,"href":"https:\/\/lechateaudenamur.kiff.agency\/en\/wp-json\/wp\/v2\/users\/1"}],"replies":[{"embeddable":true,"href":"https:\/\/lechateaudenamur.kiff.agency\/en\/wp-json\/wp\/v2\/comments?post=2406"}],"version-history":[{"count":2,"href":"https:\/\/lechateaudenamur.kiff.agency\/en\/wp-json\/wp\/v2\/pages\/2406\/revisions"}],"predecessor-version":[{"id":2408,"href":"https:\/\/lechateaudenamur.kiff.agency\/en\/wp-json\/wp\/v2\/pages\/2406\/revisions\/2408"}],"wp:attachment":[{"href":"https:\/\/lechateaudenamur.kiff.agency\/en\/wp-json\/wp\/v2\/media?parent=2406"}],"curies":[{"name":"wp","href":"https:\/\/api.w.org\/{rel}","templated":true}]}}