{"id":2480,"date":"2025-01-14T15:10:27","date_gmt":"2025-01-14T14:10:27","guid":{"rendered":"https:\/\/lechateaudenamur.kiff.agency\/?page_id=2480"},"modified":"2025-06-03T14:47:15","modified_gmt":"2025-06-03T12:47:15","slug":"the-chef","status":"publish","type":"page","link":"https:\/\/lechateaudenamur.kiff.agency\/en\/restaurant-at-the-chateau-de-namur\/the-chef\/","title":{"rendered":"The chef"},"content":{"rendered":"<section  class=\"content-1-1 wrapper-padding-top-no-espace wrapper-padding-bottom-no-espace\" >\n\n  <div class=\"wrapper\">\n\n    \n      <article class=\"content-1-1__item image col-md-6 col-sm-12 col-12 animated-fade-to-top\">\n\n\n                              <div class=\"js-replace-img animated fade-to-top\">\n              <img decoding=\"async\" src=\"https:\/\/lechateaudenamur.kiff.agency\/wp-content\/uploads\/2025\/04\/chef-cuisine-chateau-namur-axel-devillers.webp\" alt=\"chef-cuisine-chateau-namur-axel-devillers\">\n            <\/div>\n                  \n      <\/article>\n\n    \n      <article class=\"content-1-1__item text col-md-6 col-sm-12 col-12 animated-fade-to-top\">\n\n\n        \n                      <header>\n                              <span class=\"animated fade-to-top\">Inventive Classics<\/span>\n                            <h2 class=\"animated fade-to-top\">The Head Chef: Axel Devillers<\/h2>\n            <\/header>\n          \n          <div class=\"content animated fade-to-top\">\n            <p>As a graduate of the \u00c9cole h\u00f4teli\u00e8re provinciale de Namur, he has been a deeply involved member of the kitchen at the Chateau for over 20 years. He was awarded the title of Head Chef in 2017. We owe him consistent quality, consistently fresh ingredients, and a gourmet selection, to the delight of our private and corporate guests, as well as groups couples.<br \/>\nThe dishes evolves towards a modern and resolutely high-quality trend thanks to these young talents, the students of the \u00c9cole h\u00f4teli\u00e8re provinciale de Namur, resulting in a cuisine described as <strong>inventive classics<\/strong>.&#8221; This subtly blends French gastronomy with notes of &#8220;world cuisine.&#8221;<\/p>\n<p>Thank you in advance for your trust and loyalty. For those who are new to us, book now and we will win you over from the moment that you arrive and the first bite of the marvels from our Chef.<\/p>\n          <\/div>\n\n                      <footer class=\"animated fade-to-top\">\n                              <a href=\"https:\/\/lechateaudenamur.kiff.agency\/en\/restaurant-at-the-chateau-de-namur\/the-menu\/\" class=\"btn-theme\" target=\"\">Discover the menu<\/a>\n                          <\/footer>\n          \n        \n      <\/article>\n\n    \n  <\/div>\n\n<\/section>\n","protected":false},"excerpt":{"rendered":"","protected":false},"author":1,"featured_media":0,"parent":2456,"menu_order":0,"comment_status":"closed","ping_status":"closed","template":"","meta":{"_acf_changed":false,"footnotes":""},"class_list":["post-2480","page","type-page","status-publish","hentry"],"acf":[],"yoast_head":"<!-- This site is optimized with the Yoast SEO plugin v26.2 - https:\/\/yoast.com\/wordpress\/plugins\/seo\/ -->\n<title>Axel Devillers, chef at the Ch\u00e2teau de Namur<\/title>\n<meta name=\"description\" content=\"Discover the refined cuisine of the Chef, Axel Devillers at the Ch\u00e2teau de Namur. Passion, creativity, and local produce.\" \/>\n<meta name=\"robots\" content=\"noindex, follow, max-snippet:-1, max-image-preview:large, max-video-preview:-1\" \/>\n<meta property=\"og:locale\" content=\"en_US\" \/>\n<meta property=\"og:type\" content=\"article\" \/>\n<meta property=\"og:title\" content=\"Axel Devillers, chef at the Ch\u00e2teau de Namur\" \/>\n<meta property=\"og:description\" content=\"Discover the refined cuisine of the Chef, Axel Devillers at the Ch\u00e2teau de Namur. Passion, creativity, and local produce.\" \/>\n<meta property=\"og:url\" content=\"https:\/\/lechateaudenamur.kiff.agency\/en\/restaurant-at-the-chateau-de-namur\/the-chef\/\" \/>\n<meta property=\"og:site_name\" content=\"Le ch\u00e2teau de Namur\" \/>\n<meta property=\"article:modified_time\" content=\"2025-06-03T12:47:15+00:00\" \/>\n<meta name=\"twitter:card\" content=\"summary_large_image\" \/>\n<meta name=\"twitter:label1\" content=\"Est. reading time\" \/>\n\t<meta name=\"twitter:data1\" content=\"1 minute\" \/>\n<script type=\"application\/ld+json\" class=\"yoast-schema-graph\">{\"@context\":\"https:\/\/schema.org\",\"@graph\":[{\"@type\":\"WebPage\",\"@id\":\"https:\/\/lechateaudenamur.kiff.agency\/en\/restaurant-at-the-chateau-de-namur\/the-chef\/\",\"url\":\"https:\/\/lechateaudenamur.kiff.agency\/en\/restaurant-at-the-chateau-de-namur\/the-chef\/\",\"name\":\"Axel Devillers, chef at the Ch\u00e2teau de Namur\",\"isPartOf\":{\"@id\":\"https:\/\/lechateaudenamur.kiff.agency\/en\/#website\"},\"datePublished\":\"2025-01-14T14:10:27+00:00\",\"dateModified\":\"2025-06-03T12:47:15+00:00\",\"description\":\"Discover the refined cuisine of the Chef, Axel Devillers at the Ch\u00e2teau de Namur. Passion, creativity, and local produce.\",\"breadcrumb\":{\"@id\":\"https:\/\/lechateaudenamur.kiff.agency\/en\/restaurant-at-the-chateau-de-namur\/the-chef\/#breadcrumb\"},\"inLanguage\":\"en-US\",\"potentialAction\":[{\"@type\":\"ReadAction\",\"target\":[\"https:\/\/lechateaudenamur.kiff.agency\/en\/restaurant-at-the-chateau-de-namur\/the-chef\/\"]}]},{\"@type\":\"BreadcrumbList\",\"@id\":\"https:\/\/lechateaudenamur.kiff.agency\/en\/restaurant-at-the-chateau-de-namur\/the-chef\/#breadcrumb\",\"itemListElement\":[{\"@type\":\"ListItem\",\"position\":1,\"name\":\"Home\",\"item\":\"https:\/\/lechateaudenamur.kiff.agency\/en\/\"},{\"@type\":\"ListItem\",\"position\":2,\"name\":\"Restaurant at the Ch\u00e2teau de Namur\",\"item\":\"https:\/\/lechateaudenamur.kiff.agency\/en\/restaurant-at-the-chateau-de-namur\/\"},{\"@type\":\"ListItem\",\"position\":3,\"name\":\"The chef\"}]},{\"@type\":\"WebSite\",\"@id\":\"https:\/\/lechateaudenamur.kiff.agency\/en\/#website\",\"url\":\"https:\/\/lechateaudenamur.kiff.agency\/en\/\",\"name\":\"Le ch\u00e2teau de Namur\",\"description\":\"H\u00f4tel &amp; Restaurant\",\"potentialAction\":[{\"@type\":\"SearchAction\",\"target\":{\"@type\":\"EntryPoint\",\"urlTemplate\":\"https:\/\/lechateaudenamur.kiff.agency\/en\/?s={search_term_string}\"},\"query-input\":{\"@type\":\"PropertyValueSpecification\",\"valueRequired\":true,\"valueName\":\"search_term_string\"}}],\"inLanguage\":\"en-US\"}]}<\/script>\n<!-- \/ Yoast SEO plugin. -->","yoast_head_json":{"title":"Axel Devillers, chef at the Ch\u00e2teau de Namur","description":"Discover the refined cuisine of the Chef, Axel Devillers at the Ch\u00e2teau de Namur. Passion, creativity, and local produce.","robots":{"index":"noindex","follow":"follow","max-snippet":"max-snippet:-1","max-image-preview":"max-image-preview:large","max-video-preview":"max-video-preview:-1"},"og_locale":"en_US","og_type":"article","og_title":"Axel Devillers, chef at the Ch\u00e2teau de Namur","og_description":"Discover the refined cuisine of the Chef, Axel Devillers at the Ch\u00e2teau de Namur. Passion, creativity, and local produce.","og_url":"https:\/\/lechateaudenamur.kiff.agency\/en\/restaurant-at-the-chateau-de-namur\/the-chef\/","og_site_name":"Le ch\u00e2teau de Namur","article_modified_time":"2025-06-03T12:47:15+00:00","twitter_card":"summary_large_image","twitter_misc":{"Est. reading time":"1 minute"},"schema":{"@context":"https:\/\/schema.org","@graph":[{"@type":"WebPage","@id":"https:\/\/lechateaudenamur.kiff.agency\/en\/restaurant-at-the-chateau-de-namur\/the-chef\/","url":"https:\/\/lechateaudenamur.kiff.agency\/en\/restaurant-at-the-chateau-de-namur\/the-chef\/","name":"Axel Devillers, chef at the Ch\u00e2teau de Namur","isPartOf":{"@id":"https:\/\/lechateaudenamur.kiff.agency\/en\/#website"},"datePublished":"2025-01-14T14:10:27+00:00","dateModified":"2025-06-03T12:47:15+00:00","description":"Discover the refined cuisine of the Chef, Axel Devillers at the Ch\u00e2teau de Namur. Passion, creativity, and local produce.","breadcrumb":{"@id":"https:\/\/lechateaudenamur.kiff.agency\/en\/restaurant-at-the-chateau-de-namur\/the-chef\/#breadcrumb"},"inLanguage":"en-US","potentialAction":[{"@type":"ReadAction","target":["https:\/\/lechateaudenamur.kiff.agency\/en\/restaurant-at-the-chateau-de-namur\/the-chef\/"]}]},{"@type":"BreadcrumbList","@id":"https:\/\/lechateaudenamur.kiff.agency\/en\/restaurant-at-the-chateau-de-namur\/the-chef\/#breadcrumb","itemListElement":[{"@type":"ListItem","position":1,"name":"Home","item":"https:\/\/lechateaudenamur.kiff.agency\/en\/"},{"@type":"ListItem","position":2,"name":"Restaurant at the Ch\u00e2teau de Namur","item":"https:\/\/lechateaudenamur.kiff.agency\/en\/restaurant-at-the-chateau-de-namur\/"},{"@type":"ListItem","position":3,"name":"The chef"}]},{"@type":"WebSite","@id":"https:\/\/lechateaudenamur.kiff.agency\/en\/#website","url":"https:\/\/lechateaudenamur.kiff.agency\/en\/","name":"Le ch\u00e2teau de Namur","description":"H\u00f4tel &amp; Restaurant","potentialAction":[{"@type":"SearchAction","target":{"@type":"EntryPoint","urlTemplate":"https:\/\/lechateaudenamur.kiff.agency\/en\/?s={search_term_string}"},"query-input":{"@type":"PropertyValueSpecification","valueRequired":true,"valueName":"search_term_string"}}],"inLanguage":"en-US"}]}},"_links":{"self":[{"href":"https:\/\/lechateaudenamur.kiff.agency\/en\/wp-json\/wp\/v2\/pages\/2480","targetHints":{"allow":["GET"]}}],"collection":[{"href":"https:\/\/lechateaudenamur.kiff.agency\/en\/wp-json\/wp\/v2\/pages"}],"about":[{"href":"https:\/\/lechateaudenamur.kiff.agency\/en\/wp-json\/wp\/v2\/types\/page"}],"author":[{"embeddable":true,"href":"https:\/\/lechateaudenamur.kiff.agency\/en\/wp-json\/wp\/v2\/users\/1"}],"replies":[{"embeddable":true,"href":"https:\/\/lechateaudenamur.kiff.agency\/en\/wp-json\/wp\/v2\/comments?post=2480"}],"version-history":[{"count":2,"href":"https:\/\/lechateaudenamur.kiff.agency\/en\/wp-json\/wp\/v2\/pages\/2480\/revisions"}],"predecessor-version":[{"id":2528,"href":"https:\/\/lechateaudenamur.kiff.agency\/en\/wp-json\/wp\/v2\/pages\/2480\/revisions\/2528"}],"up":[{"embeddable":true,"href":"https:\/\/lechateaudenamur.kiff.agency\/en\/wp-json\/wp\/v2\/pages\/2456"}],"wp:attachment":[{"href":"https:\/\/lechateaudenamur.kiff.agency\/en\/wp-json\/wp\/v2\/media?parent=2480"}],"curies":[{"name":"wp","href":"https:\/\/api.w.org\/{rel}","templated":true}]}}