{"id":2705,"date":"2025-02-20T23:22:38","date_gmt":"2025-02-20T22:22:38","guid":{"rendered":"https:\/\/lechateaudenamur.kiff.agency\/?page_id=2705"},"modified":"2025-06-11T08:49:36","modified_gmt":"2025-06-11T06:49:36","slug":"huur-zaal-le-salon","status":"publish","type":"page","link":"https:\/\/lechateaudenamur.kiff.agency\/nl\/evenementen\/vergadering-zaal\/huur-zaal-le-salon\/","title":{"rendered":"Huur zaal &#8220;Le salon&#8221;"},"content":{"rendered":"<section  class=\"content-1-1 wrapper-padding-top-no-espace wrapper-padding-bottom-large\" >\n\n  <div class=\"wrapper\">\n\n    \n      <article class=\"content-1-1__item gallery col-md-6 col-sm-12 col-12 animated-fade-to-top\">\n\n\n        \n          \n            <div class=\"wrapper-gallery animated fade-to-top\">\n              <article class=\"item js-replace-img\">\n\n                <a href=\"https:\/\/lechateaudenamur.kiff.agency\/wp-content\/uploads\/2025\/05\/location-salle-chateau-namur-salo-3.webp\" data-fancybox=\"gallery\">\n                  <img decoding=\"async\" src=\"https:\/\/lechateaudenamur.kiff.agency\/wp-content\/uploads\/2025\/05\/location-salle-chateau-namur-salo-3.webp\" alt=\"location-salle-chateau-namur-salo-3\" \/>\n                <\/a>\n\n              <\/article>\n            <\/div>\n\n          \n            <div class=\"wrapper-gallery animated fade-to-top\">\n              <article class=\"item js-replace-img\">\n\n                <a href=\"https:\/\/lechateaudenamur.kiff.agency\/wp-content\/uploads\/2025\/05\/location-salle-chateau-namur-salo-4.webp\" data-fancybox=\"gallery\">\n                  <img decoding=\"async\" src=\"https:\/\/lechateaudenamur.kiff.agency\/wp-content\/uploads\/2025\/05\/location-salle-chateau-namur-salo-4.webp\" alt=\"location-salle-chateau-namur-salo-4\" \/>\n                <\/a>\n\n              <\/article>\n            <\/div>\n\n          \n            <div class=\"wrapper-gallery animated fade-to-top\">\n              <article class=\"item js-replace-img\">\n\n                <a href=\"https:\/\/lechateaudenamur.kiff.agency\/wp-content\/uploads\/2025\/05\/location-salle-chateau-namur-salon-2.webp\" data-fancybox=\"gallery\">\n                  <img decoding=\"async\" src=\"https:\/\/lechateaudenamur.kiff.agency\/wp-content\/uploads\/2025\/05\/location-salle-chateau-namur-salon-2.webp\" alt=\"location-salle-chateau-namur-salon-2\" \/>\n                <\/a>\n\n              <\/article>\n            <\/div>\n\n          \n            <div class=\"wrapper-gallery animated fade-to-top\">\n              <article class=\"item js-replace-img\">\n\n                <a href=\"https:\/\/lechateaudenamur.kiff.agency\/wp-content\/uploads\/2025\/05\/location-salle-chateau-namur-salon-5.webp\" data-fancybox=\"gallery\">\n                  <img decoding=\"async\" src=\"https:\/\/lechateaudenamur.kiff.agency\/wp-content\/uploads\/2025\/05\/location-salle-chateau-namur-salon-5.webp\" alt=\"location-salle-chateau-namur-salon-5\" \/>\n                <\/a>\n\n              <\/article>\n            <\/div>\n\n          \n            <div class=\"wrapper-gallery animated fade-to-top\">\n              <article class=\"item js-replace-img\">\n\n                <a href=\"https:\/\/lechateaudenamur.kiff.agency\/wp-content\/uploads\/2025\/05\/location-salle-chateau-namur-salon-6.webp\" data-fancybox=\"gallery\">\n                  <img decoding=\"async\" src=\"https:\/\/lechateaudenamur.kiff.agency\/wp-content\/uploads\/2025\/05\/location-salle-chateau-namur-salon-6.webp\" alt=\"location-salle-chateau-namur-salon-6\" \/>\n                <\/a>\n\n              <\/article>\n            <\/div>\n\n          \n            <div class=\"wrapper-gallery animated fade-to-top\">\n              <article class=\"item js-replace-img\">\n\n                <a href=\"https:\/\/lechateaudenamur.kiff.agency\/wp-content\/uploads\/2025\/05\/location-salle-chateau-namur-salon-7.webp\" data-fancybox=\"gallery\">\n                  <img decoding=\"async\" src=\"https:\/\/lechateaudenamur.kiff.agency\/wp-content\/uploads\/2025\/05\/location-salle-chateau-namur-salon-7.webp\" alt=\"location-salle-chateau-namur-salon-7\" \/>\n                <\/a>\n\n              <\/article>\n            <\/div>\n\n          \n            <div class=\"wrapper-gallery animated fade-to-top\">\n              <article class=\"item js-replace-img\">\n\n                <a href=\"https:\/\/lechateaudenamur.kiff.agency\/wp-content\/uploads\/2025\/05\/location-salle-chateau-namur-salon-8.webp\" data-fancybox=\"gallery\">\n                  <img decoding=\"async\" src=\"https:\/\/lechateaudenamur.kiff.agency\/wp-content\/uploads\/2025\/05\/location-salle-chateau-namur-salon-8.webp\" alt=\"location-salle-chateau-namur-salon-8\" \/>\n                <\/a>\n\n              <\/article>\n            <\/div>\n\n          \n            <div class=\"wrapper-gallery animated fade-to-top\">\n              <article class=\"item js-replace-img\">\n\n                <a href=\"https:\/\/lechateaudenamur.kiff.agency\/wp-content\/uploads\/2025\/05\/location-salle-chateau-namur-salon-9.webp\" data-fancybox=\"gallery\">\n                  <img decoding=\"async\" src=\"https:\/\/lechateaudenamur.kiff.agency\/wp-content\/uploads\/2025\/05\/location-salle-chateau-namur-salon-9.webp\" alt=\"location-salle-chateau-namur-salon-9\" \/>\n                <\/a>\n\n              <\/article>\n            <\/div>\n\n          \n            <div class=\"wrapper-gallery animated fade-to-top\">\n              <article class=\"item js-replace-img\">\n\n                <a href=\"https:\/\/lechateaudenamur.kiff.agency\/wp-content\/uploads\/2025\/05\/location-salle-chateau-namur-salon-10.webp\" data-fancybox=\"gallery\">\n                  <img decoding=\"async\" src=\"https:\/\/lechateaudenamur.kiff.agency\/wp-content\/uploads\/2025\/05\/location-salle-chateau-namur-salon-10.webp\" alt=\"location-salle-chateau-namur-salon-10\" \/>\n                <\/a>\n\n              <\/article>\n            <\/div>\n\n          \n            <div class=\"wrapper-gallery animated fade-to-top\">\n              <article class=\"item js-replace-img\">\n\n                <a href=\"https:\/\/lechateaudenamur.kiff.agency\/wp-content\/uploads\/2025\/05\/location-salle-chateau-namur-salon.webp\" data-fancybox=\"gallery\">\n                  <img decoding=\"async\" src=\"https:\/\/lechateaudenamur.kiff.agency\/wp-content\/uploads\/2025\/05\/location-salle-chateau-namur-salon.webp\" alt=\"location-salle-chateau-namur-salon\" \/>\n                <\/a>\n\n              <\/article>\n            <\/div>\n\n          \n        \n      <\/article>\n\n    \n      <article class=\"content-1-1__item text col-md-6 col-sm-12 col-12 animated-fade-to-top\">\n\n\n        \n                      <header>\n                            <h2 class=\"animated fade-to-top\">Ontdek &#8216;Le Salon&#8217;, een elegante seminariezaal van 120 m\u00b2<\/h2>\n            <\/header>\n          \n          <div class=\"content animated fade-to-top\">\n            <p>Gelegen op de benedenverdieping van de Ch\u00e2teau de Namur. <strong>Ideaal voor verschillende soorten evenementen.<\/strong><\/p>\n<p>De vloer is bedekt met grijs tapijt. Een vierkantig stuk parket in het midden van de zaal geeft het geheel een gesofisticeerde toets. Drie grote ramen aan \u00e9\u00e9n kant van de zaal bieden een adembenemend uitzicht op de geurige tuin. <strong>De discrete verlichting cre\u00ebert een warme, intieme sfeer.<\/strong><\/p>\n<p>De champagnebruine muren en de decoratieve open haard vervolmaken het plaatje. De oude open haard &#8211; die niet meer functioneert &#8211; is een uniek decoratiestuk.<\/p>\n<p>Alhoewel er geen airconditioning is, is deze ruimte perfect uitgerust voor uw seminaries. Het is mogelijk om <strong>een scherm, projector, flip-over en microfoons te installeren<\/strong>, een flexibele opstelling.<\/p>\n<p>&nbsp;<\/p>\n<h3>Capaciteit zaal<\/h3>\n\n<table id=\"tablepress-15\" class=\"tablepress tablepress-id-15\">\n<thead>\n<tr class=\"row-1\">\n\t<th class=\"column-1\">Naam van de zalen<\/th><th class=\"column-2\">Oppervlakte<\/th><th class=\"column-3\">Theater<\/th><th class=\"column-4\">U<\/th><th class=\"column-5\">Klaslokaal<\/th><th class=\"column-6\">Banket<\/th><th class=\"column-7\">Cocktail<\/th>\n<\/tr>\n<\/thead>\n<tbody class=\"row-striping row-hover\">\n<tr class=\"row-2\">\n\t<td class=\"column-1\">Le salon<\/td><td class=\"column-2\">120 m\u00b2<\/td><td class=\"column-3\">110<br \/>\n<\/td><td class=\"column-4\">40<\/td><td class=\"column-5\">60<\/td><td class=\"column-6\">80<\/td><td class=\"column-7\">100<\/td>\n<\/tr>\n<\/tbody>\n<\/table>\n<!-- #tablepress-15 from cache -->\n          <\/div>\n\n                      <footer class=\"animated fade-to-top\">\n                              <a href=\"https:\/\/lechateaudenamur.kiff.agency\/nl\/evenementen\/vraag-een-offerte-aan\/\" class=\"btn-theme\" target=\"\">Vraag een offerte aan<\/a>\n                          <\/footer>\n          \n        \n      <\/article>\n\n    \n  <\/div>\n\n<\/section>\n\n\n\n<section class=\"content-slider-bedroom wrapper-padding-top-no-espace wrapper-padding-bottom-no-espace\" >\n\n  <div class=\"wrapper\">\n\n    <header class=\"animated-fade-to-top\">\n              <span>Een idyllische locatie<\/span>\n            <h2>Ontdek onze andere zalen<\/h2>\n    <\/header>\n\n    <div class=\"content animated-fade-to-top\">\n              <article class=\"item\">\n          <a href=\"https:\/\/lechateaudenamur.kiff.agency\/nl\/evenementen\/zaalverhuur\/huur-zaal-le-salon\/\">\n            <div class=\"image-wrapper js-replace-img\">\n              <img decoding=\"async\" src=\"https:\/\/lechateaudenamur.kiff.agency\/wp-content\/uploads\/2025\/05\/location-salle-chateau-namur-salon-5.webp\" alt=\"location-salle-chateau-namur-salon-5\">\n            <\/div>\n            <figcaption>\n              <h3 style=\"text-align: center;\">Salon &#8211; 120m<sup>2<\/sup><br \/>\n(Gelijkvloers)<\/h3>\n              <span>Meer informatie<\/span>\n            <\/figcaption>\n          <\/a>\n        <\/article>\n              <article class=\"item\">\n          <a href=\"https:\/\/lechateaudenamur.kiff.agency\/nl\/evenementen\/zaalverhuur\/huur-zaal-louis-xiv\/\">\n            <div class=\"image-wrapper js-replace-img\">\n              <img decoding=\"async\" src=\"https:\/\/lechateaudenamur.kiff.agency\/wp-content\/uploads\/2025\/05\/location-salle-chateau-namur-louis-2.webp\" alt=\"location-salle-chateau-namur-louis-2\">\n            <\/div>\n            <figcaption>\n              <h3 style=\"text-align: center;\">Louis XIV &#8211; 120m<sup>2<\/sup><br \/>\n(1e verdieping)<\/h3>\n              <span>Meer informatie<\/span>\n            <\/figcaption>\n          <\/a>\n        <\/article>\n              <article class=\"item\">\n          <a href=\"https:\/\/lechateaudenamur.kiff.agency\/nl\/evenementen\/zaalverhuur\/huur-zaal-guillaume-iii\/\">\n            <div class=\"image-wrapper js-replace-img\">\n              <img decoding=\"async\" src=\"https:\/\/lechateaudenamur.kiff.agency\/wp-content\/uploads\/2025\/05\/location-salle-chateau-namur-guillaume-1.webp\" alt=\"location-salle-chateau-namur-guillaume\">\n            <\/div>\n            <figcaption>\n              <h3 style=\"text-align: center;\">Guillaume III &#8211; 75m<sup>2<\/sup><br \/>\n(Gelijkvloers)<\/h3>\n              <span>Meer informatie<\/span>\n            <\/figcaption>\n          <\/a>\n        <\/article>\n              <article class=\"item\">\n          <a href=\"https:\/\/lechateaudenamur.kiff.agency\/nl\/evenementen\/zaalverhuur\/huur-zaal-joseph-ii\/\">\n            <div class=\"image-wrapper js-replace-img\">\n              <img decoding=\"async\" src=\"https:\/\/lechateaudenamur.kiff.agency\/wp-content\/uploads\/2025\/05\/location-salle-chateau-namur-joseph-2.webp\" alt=\"location-salle-chateau-namur-joseph-2\">\n            <\/div>\n            <figcaption>\n              <h3 style=\"text-align: center;\">Joseph II &#8211; 30m<sup>2<\/sup><br \/>\n(Gelijkvloers)<\/h3>\n              <span>Meer informatie<\/span>\n            <\/figcaption>\n          <\/a>\n        <\/article>\n          <\/div>\n\n          <footer>\n                  <a class=\"btn-theme\" href=\"https:\/\/lechateaudenamur.kiff.agency\/nl\/evenementen\/vraag-een-offerte-aan\/\" target=\"\">\n            Vraag een offerte aan          <\/a>\n              <\/footer>\n    \n  <\/div>\n\n<\/section>\n\n\n\n<p><\/p>\n","protected":false},"excerpt":{"rendered":"","protected":false},"author":1,"featured_media":0,"parent":2697,"menu_order":0,"comment_status":"closed","ping_status":"closed","template":"","meta":{"_acf_changed":false,"footnotes":""},"class_list":["post-2705","page","type-page","status-publish","hentry"],"acf":[],"yoast_head":"<!-- This site is optimized with the Yoast SEO plugin v26.2 - https:\/\/yoast.com\/wordpress\/plugins\/seo\/ -->\n<title>Huur zaal &#039;Le Salon&#039; in de Ch\u00e2teau de Namur<\/title>\n<meta name=\"description\" content=\"Huur zaal &#039;Le Salon&#039; in de Ch\u00e2teau de Namur voor uw evenementen: seminaries, huwelijken of banketten in een elegant en verfijnd kader.\" \/>\n<meta name=\"robots\" content=\"noindex, follow, max-snippet:-1, max-image-preview:large, max-video-preview:-1\" \/>\n<meta property=\"og:locale\" content=\"nl_NL\" \/>\n<meta property=\"og:type\" content=\"article\" \/>\n<meta property=\"og:title\" content=\"Huur zaal &#039;Le Salon&#039; in de Ch\u00e2teau de Namur\" \/>\n<meta property=\"og:description\" content=\"Huur zaal &#039;Le Salon&#039; in de Ch\u00e2teau de Namur voor uw evenementen: seminaries, huwelijken of banketten in een elegant en verfijnd kader.\" \/>\n<meta property=\"og:url\" content=\"https:\/\/lechateaudenamur.kiff.agency\/nl\/evenementen\/vergadering-zaal\/huur-zaal-le-salon\/\" \/>\n<meta property=\"og:site_name\" content=\"Le ch\u00e2teau de Namur\" \/>\n<meta property=\"article:modified_time\" content=\"2025-06-11T06:49:36+00:00\" \/>\n<meta name=\"twitter:card\" content=\"summary_large_image\" \/>\n<meta name=\"twitter:label1\" content=\"Est. reading time\" \/>\n\t<meta name=\"twitter:data1\" content=\"4 minutes\" \/>\n<script type=\"application\/ld+json\" class=\"yoast-schema-graph\">{\"@context\":\"https:\/\/schema.org\",\"@graph\":[{\"@type\":\"WebPage\",\"@id\":\"https:\/\/lechateaudenamur.kiff.agency\/nl\/evenementen\/vergadering-zaal\/huur-zaal-le-salon\/\",\"url\":\"https:\/\/lechateaudenamur.kiff.agency\/nl\/evenementen\/vergadering-zaal\/huur-zaal-le-salon\/\",\"name\":\"Huur zaal 'Le Salon' in de Ch\u00e2teau de Namur\",\"isPartOf\":{\"@id\":\"https:\/\/lechateaudenamur.kiff.agency\/nl\/#website\"},\"datePublished\":\"2025-02-20T22:22:38+00:00\",\"dateModified\":\"2025-06-11T06:49:36+00:00\",\"description\":\"Huur zaal 'Le Salon' in de Ch\u00e2teau de Namur voor uw evenementen: seminaries, huwelijken of banketten in een elegant en verfijnd kader.\",\"breadcrumb\":{\"@id\":\"https:\/\/lechateaudenamur.kiff.agency\/nl\/evenementen\/vergadering-zaal\/huur-zaal-le-salon\/#breadcrumb\"},\"inLanguage\":\"nl-NL\",\"potentialAction\":[{\"@type\":\"ReadAction\",\"target\":[\"https:\/\/lechateaudenamur.kiff.agency\/nl\/evenementen\/vergadering-zaal\/huur-zaal-le-salon\/\"]}]},{\"@type\":\"BreadcrumbList\",\"@id\":\"https:\/\/lechateaudenamur.kiff.agency\/nl\/evenementen\/vergadering-zaal\/huur-zaal-le-salon\/#breadcrumb\",\"itemListElement\":[{\"@type\":\"ListItem\",\"position\":1,\"name\":\"Home\",\"item\":\"https:\/\/lechateaudenamur.kiff.agency\/nl\/\"},{\"@type\":\"ListItem\",\"position\":2,\"name\":\"Evenementen\",\"item\":\"https:\/\/lechateaudenamur.kiff.agency\/nl\/evenementen\/\"},{\"@type\":\"ListItem\",\"position\":3,\"name\":\"Vergadering zaal\",\"item\":\"https:\/\/lechateaudenamur.kiff.agency\/nl\/evenementen\/vergadering-zaal\/\"},{\"@type\":\"ListItem\",\"position\":4,\"name\":\"Huur zaal \u00ab\u00a0Le salon\u00a0\u00bb\"}]},{\"@type\":\"WebSite\",\"@id\":\"https:\/\/lechateaudenamur.kiff.agency\/nl\/#website\",\"url\":\"https:\/\/lechateaudenamur.kiff.agency\/nl\/\",\"name\":\"Le ch\u00e2teau de Namur\",\"description\":\"H\u00f4tel &amp; Restaurant\",\"potentialAction\":[{\"@type\":\"SearchAction\",\"target\":{\"@type\":\"EntryPoint\",\"urlTemplate\":\"https:\/\/lechateaudenamur.kiff.agency\/nl\/?s={search_term_string}\"},\"query-input\":{\"@type\":\"PropertyValueSpecification\",\"valueRequired\":true,\"valueName\":\"search_term_string\"}}],\"inLanguage\":\"nl-NL\"}]}<\/script>\n<!-- \/ Yoast SEO plugin. -->","yoast_head_json":{"title":"Huur zaal 'Le Salon' in de Ch\u00e2teau de Namur","description":"Huur zaal 'Le Salon' in de Ch\u00e2teau de Namur voor uw evenementen: seminaries, huwelijken of banketten in een elegant en verfijnd kader.","robots":{"index":"noindex","follow":"follow","max-snippet":"max-snippet:-1","max-image-preview":"max-image-preview:large","max-video-preview":"max-video-preview:-1"},"og_locale":"nl_NL","og_type":"article","og_title":"Huur zaal 'Le Salon' in de Ch\u00e2teau de Namur","og_description":"Huur zaal 'Le Salon' in de Ch\u00e2teau de Namur voor uw evenementen: seminaries, huwelijken of banketten in een elegant en verfijnd kader.","og_url":"https:\/\/lechateaudenamur.kiff.agency\/nl\/evenementen\/vergadering-zaal\/huur-zaal-le-salon\/","og_site_name":"Le ch\u00e2teau de Namur","article_modified_time":"2025-06-11T06:49:36+00:00","twitter_card":"summary_large_image","twitter_misc":{"Est. reading time":"4 minutes"},"schema":{"@context":"https:\/\/schema.org","@graph":[{"@type":"WebPage","@id":"https:\/\/lechateaudenamur.kiff.agency\/nl\/evenementen\/vergadering-zaal\/huur-zaal-le-salon\/","url":"https:\/\/lechateaudenamur.kiff.agency\/nl\/evenementen\/vergadering-zaal\/huur-zaal-le-salon\/","name":"Huur zaal 'Le Salon' in de Ch\u00e2teau de Namur","isPartOf":{"@id":"https:\/\/lechateaudenamur.kiff.agency\/nl\/#website"},"datePublished":"2025-02-20T22:22:38+00:00","dateModified":"2025-06-11T06:49:36+00:00","description":"Huur zaal 'Le Salon' in de Ch\u00e2teau de Namur voor uw evenementen: seminaries, huwelijken of banketten in een elegant en verfijnd kader.","breadcrumb":{"@id":"https:\/\/lechateaudenamur.kiff.agency\/nl\/evenementen\/vergadering-zaal\/huur-zaal-le-salon\/#breadcrumb"},"inLanguage":"nl-NL","potentialAction":[{"@type":"ReadAction","target":["https:\/\/lechateaudenamur.kiff.agency\/nl\/evenementen\/vergadering-zaal\/huur-zaal-le-salon\/"]}]},{"@type":"BreadcrumbList","@id":"https:\/\/lechateaudenamur.kiff.agency\/nl\/evenementen\/vergadering-zaal\/huur-zaal-le-salon\/#breadcrumb","itemListElement":[{"@type":"ListItem","position":1,"name":"Home","item":"https:\/\/lechateaudenamur.kiff.agency\/nl\/"},{"@type":"ListItem","position":2,"name":"Evenementen","item":"https:\/\/lechateaudenamur.kiff.agency\/nl\/evenementen\/"},{"@type":"ListItem","position":3,"name":"Vergadering zaal","item":"https:\/\/lechateaudenamur.kiff.agency\/nl\/evenementen\/vergadering-zaal\/"},{"@type":"ListItem","position":4,"name":"Huur zaal \u00ab\u00a0Le salon\u00a0\u00bb"}]},{"@type":"WebSite","@id":"https:\/\/lechateaudenamur.kiff.agency\/nl\/#website","url":"https:\/\/lechateaudenamur.kiff.agency\/nl\/","name":"Le ch\u00e2teau de Namur","description":"H\u00f4tel &amp; Restaurant","potentialAction":[{"@type":"SearchAction","target":{"@type":"EntryPoint","urlTemplate":"https:\/\/lechateaudenamur.kiff.agency\/nl\/?s={search_term_string}"},"query-input":{"@type":"PropertyValueSpecification","valueRequired":true,"valueName":"search_term_string"}}],"inLanguage":"nl-NL"}]}},"_links":{"self":[{"href":"https:\/\/lechateaudenamur.kiff.agency\/nl\/wp-json\/wp\/v2\/pages\/2705","targetHints":{"allow":["GET"]}}],"collection":[{"href":"https:\/\/lechateaudenamur.kiff.agency\/nl\/wp-json\/wp\/v2\/pages"}],"about":[{"href":"https:\/\/lechateaudenamur.kiff.agency\/nl\/wp-json\/wp\/v2\/types\/page"}],"author":[{"embeddable":true,"href":"https:\/\/lechateaudenamur.kiff.agency\/nl\/wp-json\/wp\/v2\/users\/1"}],"replies":[{"embeddable":true,"href":"https:\/\/lechateaudenamur.kiff.agency\/nl\/wp-json\/wp\/v2\/comments?post=2705"}],"version-history":[{"count":5,"href":"https:\/\/lechateaudenamur.kiff.agency\/nl\/wp-json\/wp\/v2\/pages\/2705\/revisions"}],"predecessor-version":[{"id":2920,"href":"https:\/\/lechateaudenamur.kiff.agency\/nl\/wp-json\/wp\/v2\/pages\/2705\/revisions\/2920"}],"up":[{"embeddable":true,"href":"https:\/\/lechateaudenamur.kiff.agency\/nl\/wp-json\/wp\/v2\/pages\/2697"}],"wp:attachment":[{"href":"https:\/\/lechateaudenamur.kiff.agency\/nl\/wp-json\/wp\/v2\/media?parent=2705"}],"curies":[{"name":"wp","href":"https:\/\/api.w.org\/{rel}","templated":true}]}}